{"id":1478,"date":"2020-11-17T18:28:00","date_gmt":"2020-11-17T15:28:00","guid":{"rendered":"https:\/\/www.minersan.com.tr\/?page_id=1478"},"modified":"2020-11-17T18:29:26","modified_gmt":"2020-11-17T15:29:26","slug":"references","status":"publish","type":"page","link":"https:\/\/www.minersan.com.tr\/?page_id=1478","title":{"rendered":"REFERENCES"},"content":{"rendered":"\t\t<div data-elementor-type=\"wp-page\" data-elementor-id=\"1478\" class=\"elementor elementor-1478\" data-elementor-settings=\"[]\">\n\t\t\t\t\t\t<div class=\"elementor-inner\">\n\t\t\t\t\t\t\t<div class=\"elementor-section-wrap\">\n\t\t\t\t\t\t\t<section class=\"elementor-section elementor-top-section elementor-element elementor-element-d98a4c9 elementor-section-stretched elementor-section-full_width elementor-section-height-default elementor-section-height-default elementor-invisible\" data-id=\"d98a4c9\" data-element_type=\"section\" data-settings=\"{&quot;stretch_section&quot;:&quot;section-stretched&quot;,&quot;animation&quot;:&quot;fadeIn&quot;}\">\n\t\t\t\t\t\t<div class=\"elementor-container elementor-column-gap-no\">\n\t\t\t\t\t\t\t<div class=\"elementor-row\">\n\t\t\t\t\t<div class=\"elementor-column elementor-col-100 elementor-top-column elementor-element elementor-element-f35c68c\" data-id=\"f35c68c\" data-element_type=\"column\">\n\t\t\t<div class=\"elementor-column-wrap elementor-element-populated\">\n\t\t\t\t\t\t\t<div class=\"elementor-widget-wrap\">\n\t\t\t\t\t\t\t\t<\/div>\n\t\t\t\t\t<\/div>\n\t\t<\/div>\n\t\t\t\t\t\t\t\t<\/div>\n\t\t\t\t\t<\/div>\n\t\t<\/section>\n\t\t\t\t<section class=\"elementor-section elementor-top-section elementor-element elementor-element-1ac5790 elementor-section-boxed elementor-section-height-default elementor-section-height-default\" data-id=\"1ac5790\" data-element_type=\"section\">\n\t\t\t\t\t\t<div class=\"elementor-container elementor-column-gap-default\">\n\t\t\t\t\t\t\t<div class=\"elementor-row\">\n\t\t\t\t\t<div class=\"elementor-column elementor-col-100 elementor-top-column elementor-element elementor-element-a513b21\" data-id=\"a513b21\" data-element_type=\"column\">\n\t\t\t<div class=\"elementor-column-wrap elementor-element-populated\">\n\t\t\t\t\t\t\t<div class=\"elementor-widget-wrap\">\n\t\t\t\t\t\t<section class=\"elementor-section elementor-inner-section elementor-element elementor-element-c97b1c5 elementor-section-boxed elementor-section-height-default elementor-section-height-default\" data-id=\"c97b1c5\" data-element_type=\"section\">\n\t\t\t\t\t\t<div class=\"elementor-container elementor-column-gap-default\">\n\t\t\t\t\t\t\t<div class=\"elementor-row\">\n\t\t\t\t\t<div class=\"elementor-column elementor-col-100 elementor-inner-column elementor-element elementor-element-0a5944e\" data-id=\"0a5944e\" data-element_type=\"column\">\n\t\t\t<div class=\"elementor-column-wrap elementor-element-populated\">\n\t\t\t\t\t\t\t<div class=\"elementor-widget-wrap\">\n\t\t\t\t\t\t<div class=\"elementor-element elementor-element-b0c4ff0 elementor-widget elementor-widget-ha-justified-gallery happy-addon ha-justified-gallery\" data-id=\"b0c4ff0\" data-element_type=\"widget\" data-widget_type=\"ha-justified-gallery.default\">\n\t\t\t\t<div class=\"elementor-widget-container\">\n\t\t\t            <ul class=\"ha-gallery-filter hajs-gallery-filter\">\n                                    <li class=\"ha-filter-active\"><button type=\"button\" data-filter=\"*\">ALL<\/button><\/li>\n                                                    <li><button type=\"button\" data-filter=\".ha-is--filter-1\">EXTERIOR<\/button><\/li>\n                                    <li><button type=\"button\" data-filter=\".ha-is--filter-2\">INTERIOR<\/button><\/li>\n                                    <li><button type=\"button\" data-filter=\".ha-is--filter-3\">OUR DEALERS<\/button><\/li>\n                            <\/ul>\n        \n        <div class=\"ha-justified-gallery-wrapper hajs-justified-gallery ha-popup--is-enabled\" data-happy-settings=\"{&quot;captions&quot;:true,&quot;margins&quot;:30,&quot;rowHeight&quot;:150,&quot;lastRow&quot;:&quot;justify&quot;,&quot;enable_popup&quot;:true}\">\n                            <a href=\"https:\/\/www.minersan.com.tr\/wp-content\/uploads\/2020\/05\/ref.jpg\" class=\"ha-justified-gallery-item ha-js-popup ha-is--filter-1\" title=\"\">\n                    <img width=\"800\" height=\"600\" src=\"https:\/\/www.minersan.com.tr\/wp-content\/uploads\/2020\/05\/ref.jpg\" class=\"elementor-animation-grow\" alt=\"\" loading=\"lazy\" srcset=\"https:\/\/www.minersan.com.tr\/wp-content\/uploads\/2020\/05\/ref.jpg 800w, https:\/\/www.minersan.com.tr\/wp-content\/uploads\/2020\/05\/ref-600x450.jpg 600w, https:\/\/www.minersan.com.tr\/wp-content\/uploads\/2020\/05\/ref-300x225.jpg 300w, https:\/\/www.minersan.com.tr\/wp-content\/uploads\/2020\/05\/ref-768x576.jpg 768w, https:\/\/www.minersan.com.tr\/wp-content\/uploads\/2020\/05\/ref-213x160.jpg 213w\" sizes=\"(max-width: 800px) 100vw, 800px\" \/>                <\/a>\n                            <a href=\"https:\/\/www.minersan.com.tr\/wp-content\/uploads\/2020\/05\/set_001fName_20170710021456085.jpg\" class=\"ha-justified-gallery-item ha-js-popup ha-is--filter-1\" title=\"\">\n                    <img width=\"800\" height=\"600\" src=\"https:\/\/www.minersan.com.tr\/wp-content\/uploads\/2020\/05\/set_001fName_20170710021456085.jpg\" class=\"elementor-animation-grow\" alt=\"\" loading=\"lazy\" srcset=\"https:\/\/www.minersan.com.tr\/wp-content\/uploads\/2020\/05\/set_001fName_20170710021456085.jpg 800w, https:\/\/www.minersan.com.tr\/wp-content\/uploads\/2020\/05\/set_001fName_20170710021456085-600x450.jpg 600w, https:\/\/www.minersan.com.tr\/wp-content\/uploads\/2020\/05\/set_001fName_20170710021456085-300x225.jpg 300w, https:\/\/www.minersan.com.tr\/wp-content\/uploads\/2020\/05\/set_001fName_20170710021456085-768x576.jpg 768w, https:\/\/www.minersan.com.tr\/wp-content\/uploads\/2020\/05\/set_001fName_20170710021456085-213x160.jpg 213w\" sizes=\"(max-width: 800px) 100vw, 800px\" \/>                <\/a>\n                            <a href=\"https:\/\/www.minersan.com.tr\/wp-content\/uploads\/2020\/05\/set_001fName_20180424171031604.jpg\" class=\"ha-justified-gallery-item ha-js-popup ha-is--filter-1\" title=\"Samsun Atakum\">\n                    <img width=\"800\" height=\"600\" src=\"https:\/\/www.minersan.com.tr\/wp-content\/uploads\/2020\/05\/set_001fName_20180424171031604.jpg\" class=\"elementor-animation-grow\" alt=\"\" loading=\"lazy\" srcset=\"https:\/\/www.minersan.com.tr\/wp-content\/uploads\/2020\/05\/set_001fName_20180424171031604.jpg 800w, https:\/\/www.minersan.com.tr\/wp-content\/uploads\/2020\/05\/set_001fName_20180424171031604-600x450.jpg 600w, https:\/\/www.minersan.com.tr\/wp-content\/uploads\/2020\/05\/set_001fName_20180424171031604-300x225.jpg 300w, https:\/\/www.minersan.com.tr\/wp-content\/uploads\/2020\/05\/set_001fName_20180424171031604-768x576.jpg 768w, https:\/\/www.minersan.com.tr\/wp-content\/uploads\/2020\/05\/set_001fName_20180424171031604-213x160.jpg 213w\" sizes=\"(max-width: 800px) 100vw, 800px\" \/>                <\/a>\n                            <a href=\"https:\/\/www.minersan.com.tr\/wp-content\/uploads\/2020\/05\/set_001fName_20180424171304778.jpg\" class=\"ha-justified-gallery-item ha-js-popup ha-is--filter-1\" title=\"Ad\u0131yaman\">\n                    <img width=\"800\" height=\"600\" src=\"https:\/\/www.minersan.com.tr\/wp-content\/uploads\/2020\/05\/set_001fName_20180424171304778.jpg\" class=\"elementor-animation-grow\" alt=\"\" loading=\"lazy\" srcset=\"https:\/\/www.minersan.com.tr\/wp-content\/uploads\/2020\/05\/set_001fName_20180424171304778.jpg 800w, https:\/\/www.minersan.com.tr\/wp-content\/uploads\/2020\/05\/set_001fName_20180424171304778-600x450.jpg 600w, https:\/\/www.minersan.com.tr\/wp-content\/uploads\/2020\/05\/set_001fName_20180424171304778-300x225.jpg 300w, https:\/\/www.minersan.com.tr\/wp-content\/uploads\/2020\/05\/set_001fName_20180424171304778-768x576.jpg 768w, https:\/\/www.minersan.com.tr\/wp-content\/uploads\/2020\/05\/set_001fName_20180424171304778-213x160.jpg 213w\" sizes=\"(max-width: 800px) 100vw, 800px\" \/>                <\/a>\n                            <a href=\"https:\/\/www.minersan.com.tr\/wp-content\/uploads\/2020\/05\/set_001fName_20180424171331495.jpg\" class=\"ha-justified-gallery-item ha-js-popup ha-is--filter-1\" title=\"Ad\u0131yaman\">\n                    <img width=\"800\" height=\"600\" src=\"https:\/\/www.minersan.com.tr\/wp-content\/uploads\/2020\/05\/set_001fName_20180424171331495.jpg\" class=\"elementor-animation-grow\" alt=\"\" loading=\"lazy\" srcset=\"https:\/\/www.minersan.com.tr\/wp-content\/uploads\/2020\/05\/set_001fName_20180424171331495.jpg 800w, https:\/\/www.minersan.com.tr\/wp-content\/uploads\/2020\/05\/set_001fName_20180424171331495-600x450.jpg 600w, https:\/\/www.minersan.com.tr\/wp-content\/uploads\/2020\/05\/set_001fName_20180424171331495-300x225.jpg 300w, https:\/\/www.minersan.com.tr\/wp-content\/uploads\/2020\/05\/set_001fName_20180424171331495-768x576.jpg 768w, https:\/\/www.minersan.com.tr\/wp-content\/uploads\/2020\/05\/set_001fName_20180424171331495-213x160.jpg 213w\" sizes=\"(max-width: 800px) 100vw, 800px\" \/>                <\/a>\n                            <a href=\"https:\/\/www.minersan.com.tr\/wp-content\/uploads\/2020\/05\/set_001fName_20180424171415807.jpg\" class=\"ha-justified-gallery-item ha-js-popup ha-is--filter-1\" title=\"Ankara Kariyer E\u011fitim Yurdu\">\n                    <img width=\"800\" height=\"600\" src=\"https:\/\/www.minersan.com.tr\/wp-content\/uploads\/2020\/05\/set_001fName_20180424171415807.jpg\" class=\"elementor-animation-grow\" alt=\"\" loading=\"lazy\" srcset=\"https:\/\/www.minersan.com.tr\/wp-content\/uploads\/2020\/05\/set_001fName_20180424171415807.jpg 800w, https:\/\/www.minersan.com.tr\/wp-content\/uploads\/2020\/05\/set_001fName_20180424171415807-600x450.jpg 600w, https:\/\/www.minersan.com.tr\/wp-content\/uploads\/2020\/05\/set_001fName_20180424171415807-300x225.jpg 300w, https:\/\/www.minersan.com.tr\/wp-content\/uploads\/2020\/05\/set_001fName_20180424171415807-768x576.jpg 768w, https:\/\/www.minersan.com.tr\/wp-content\/uploads\/2020\/05\/set_001fName_20180424171415807-213x160.jpg 213w\" sizes=\"(max-width: 800px) 100vw, 800px\" \/>                <\/a>\n                            <a href=\"https:\/\/www.minersan.com.tr\/wp-content\/uploads\/2020\/05\/set_001fName_20180424171432588.jpg\" class=\"ha-justified-gallery-item ha-js-popup ha-is--filter-1\" title=\"Ankara Kariyer E\u011fitim Yurdu\">\n                    <img width=\"800\" height=\"600\" src=\"https:\/\/www.minersan.com.tr\/wp-content\/uploads\/2020\/05\/set_001fName_20180424171432588.jpg\" class=\"elementor-animation-grow\" alt=\"\" loading=\"lazy\" srcset=\"https:\/\/www.minersan.com.tr\/wp-content\/uploads\/2020\/05\/set_001fName_20180424171432588.jpg 800w, https:\/\/www.minersan.com.tr\/wp-content\/uploads\/2020\/05\/set_001fName_20180424171432588-600x450.jpg 600w, https:\/\/www.minersan.com.tr\/wp-content\/uploads\/2020\/05\/set_001fName_20180424171432588-300x225.jpg 300w, https:\/\/www.minersan.com.tr\/wp-content\/uploads\/2020\/05\/set_001fName_20180424171432588-768x576.jpg 768w, https:\/\/www.minersan.com.tr\/wp-content\/uploads\/2020\/05\/set_001fName_20180424171432588-213x160.jpg 213w\" sizes=\"(max-width: 800px) 100vw, 800px\" \/>                <\/a>\n                            <a href=\"https:\/\/www.minersan.com.tr\/wp-content\/uploads\/2020\/05\/set_001fName_20180424171500854.jpg\" class=\"ha-justified-gallery-item ha-js-popup ha-is--filter-1\" title=\"\">\n                    <img width=\"800\" height=\"600\" src=\"https:\/\/www.minersan.com.tr\/wp-content\/uploads\/2020\/05\/set_001fName_20180424171500854.jpg\" class=\"elementor-animation-grow\" alt=\"\" loading=\"lazy\" srcset=\"https:\/\/www.minersan.com.tr\/wp-content\/uploads\/2020\/05\/set_001fName_20180424171500854.jpg 800w, https:\/\/www.minersan.com.tr\/wp-content\/uploads\/2020\/05\/set_001fName_20180424171500854-600x450.jpg 600w, https:\/\/www.minersan.com.tr\/wp-content\/uploads\/2020\/05\/set_001fName_20180424171500854-300x225.jpg 300w, https:\/\/www.minersan.com.tr\/wp-content\/uploads\/2020\/05\/set_001fName_20180424171500854-768x576.jpg 768w, https:\/\/www.minersan.com.tr\/wp-content\/uploads\/2020\/05\/set_001fName_20180424171500854-213x160.jpg 213w\" sizes=\"(max-width: 800px) 100vw, 800px\" \/>                <\/a>\n                            <a href=\"https:\/\/www.minersan.com.tr\/wp-content\/uploads\/2020\/05\/set_001fName_20180424171535635.jpg\" class=\"ha-justified-gallery-item ha-js-popup ha-is--filter-1\" title=\"\">\n                    <img width=\"800\" height=\"600\" src=\"https:\/\/www.minersan.com.tr\/wp-content\/uploads\/2020\/05\/set_001fName_20180424171535635.jpg\" class=\"elementor-animation-grow\" alt=\"\" loading=\"lazy\" srcset=\"https:\/\/www.minersan.com.tr\/wp-content\/uploads\/2020\/05\/set_001fName_20180424171535635.jpg 800w, https:\/\/www.minersan.com.tr\/wp-content\/uploads\/2020\/05\/set_001fName_20180424171535635-600x450.jpg 600w, https:\/\/www.minersan.com.tr\/wp-content\/uploads\/2020\/05\/set_001fName_20180424171535635-300x225.jpg 300w, https:\/\/www.minersan.com.tr\/wp-content\/uploads\/2020\/05\/set_001fName_20180424171535635-768x576.jpg 768w, https:\/\/www.minersan.com.tr\/wp-content\/uploads\/2020\/05\/set_001fName_20180424171535635-213x160.jpg 213w\" sizes=\"(max-width: 800px) 100vw, 800px\" \/>                <\/a>\n                            <a href=\"https:\/\/www.minersan.com.tr\/wp-content\/uploads\/2020\/05\/set_001fName_20180424171611745.jpg\" class=\"ha-justified-gallery-item ha-js-popup ha-is--filter-1\" title=\"\">\n                    <img width=\"800\" height=\"600\" src=\"https:\/\/www.minersan.com.tr\/wp-content\/uploads\/2020\/05\/set_001fName_20180424171611745.jpg\" class=\"elementor-animation-grow\" alt=\"\" loading=\"lazy\" srcset=\"https:\/\/www.minersan.com.tr\/wp-content\/uploads\/2020\/05\/set_001fName_20180424171611745.jpg 800w, https:\/\/www.minersan.com.tr\/wp-content\/uploads\/2020\/05\/set_001fName_20180424171611745-600x450.jpg 600w, https:\/\/www.minersan.com.tr\/wp-content\/uploads\/2020\/05\/set_001fName_20180424171611745-300x225.jpg 300w, https:\/\/www.minersan.com.tr\/wp-content\/uploads\/2020\/05\/set_001fName_20180424171611745-768x576.jpg 768w, https:\/\/www.minersan.com.tr\/wp-content\/uploads\/2020\/05\/set_001fName_20180424171611745-213x160.jpg 213w\" sizes=\"(max-width: 800px) 100vw, 800px\" \/>                <\/a>\n                            <a href=\"https:\/\/www.minersan.com.tr\/wp-content\/uploads\/2020\/05\/set_001fName_20180424171749698.jpg\" class=\"ha-justified-gallery-item ha-js-popup ha-is--filter-1\" title=\"\">\n                    <img width=\"800\" height=\"600\" src=\"https:\/\/www.minersan.com.tr\/wp-content\/uploads\/2020\/05\/set_001fName_20180424171749698.jpg\" class=\"elementor-animation-grow\" alt=\"\" loading=\"lazy\" srcset=\"https:\/\/www.minersan.com.tr\/wp-content\/uploads\/2020\/05\/set_001fName_20180424171749698.jpg 800w, https:\/\/www.minersan.com.tr\/wp-content\/uploads\/2020\/05\/set_001fName_20180424171749698-600x450.jpg 600w, https:\/\/www.minersan.com.tr\/wp-content\/uploads\/2020\/05\/set_001fName_20180424171749698-300x225.jpg 300w, https:\/\/www.minersan.com.tr\/wp-content\/uploads\/2020\/05\/set_001fName_20180424171749698-768x576.jpg 768w, https:\/\/www.minersan.com.tr\/wp-content\/uploads\/2020\/05\/set_001fName_20180424171749698-213x160.jpg 213w\" sizes=\"(max-width: 800px) 100vw, 800px\" \/>                <\/a>\n                            <a href=\"https:\/\/www.minersan.com.tr\/wp-content\/uploads\/2020\/05\/set_001fName_20170710023754675.jpg\" class=\"ha-justified-gallery-item ha-js-popup ha-is--filter-2\" title=\"Amasya Evleri\">\n                    <img width=\"800\" height=\"600\" src=\"https:\/\/www.minersan.com.tr\/wp-content\/uploads\/2020\/05\/set_001fName_20170710023754675.jpg\" class=\"elementor-animation-grow\" alt=\"\" loading=\"lazy\" srcset=\"https:\/\/www.minersan.com.tr\/wp-content\/uploads\/2020\/05\/set_001fName_20170710023754675.jpg 800w, https:\/\/www.minersan.com.tr\/wp-content\/uploads\/2020\/05\/set_001fName_20170710023754675-600x450.jpg 600w, https:\/\/www.minersan.com.tr\/wp-content\/uploads\/2020\/05\/set_001fName_20170710023754675-300x225.jpg 300w, https:\/\/www.minersan.com.tr\/wp-content\/uploads\/2020\/05\/set_001fName_20170710023754675-768x576.jpg 768w, https:\/\/www.minersan.com.tr\/wp-content\/uploads\/2020\/05\/set_001fName_20170710023754675-213x160.jpg 213w\" sizes=\"(max-width: 800px) 100vw, 800px\" \/>                <\/a>\n                            <a href=\"https:\/\/www.minersan.com.tr\/wp-content\/uploads\/2020\/05\/set_001fName_20170710023817857.jpg\" class=\"ha-justified-gallery-item ha-js-popup ha-is--filter-2\" title=\"Samsun Yazl\u0131k Villalar\">\n                    <img width=\"800\" height=\"600\" src=\"https:\/\/www.minersan.com.tr\/wp-content\/uploads\/2020\/05\/set_001fName_20170710023817857.jpg\" class=\"elementor-animation-grow\" alt=\"\" loading=\"lazy\" srcset=\"https:\/\/www.minersan.com.tr\/wp-content\/uploads\/2020\/05\/set_001fName_20170710023817857.jpg 800w, https:\/\/www.minersan.com.tr\/wp-content\/uploads\/2020\/05\/set_001fName_20170710023817857-600x450.jpg 600w, https:\/\/www.minersan.com.tr\/wp-content\/uploads\/2020\/05\/set_001fName_20170710023817857-300x225.jpg 300w, https:\/\/www.minersan.com.tr\/wp-content\/uploads\/2020\/05\/set_001fName_20170710023817857-768x576.jpg 768w, https:\/\/www.minersan.com.tr\/wp-content\/uploads\/2020\/05\/set_001fName_20170710023817857-213x160.jpg 213w\" sizes=\"(max-width: 800px) 100vw, 800px\" \/>                <\/a>\n                            <a href=\"https:\/\/www.minersan.com.tr\/wp-content\/uploads\/2020\/05\/set_001fName_20170710023838855.jpg\" class=\"ha-justified-gallery-item ha-js-popup ha-is--filter-2\" title=\"Amasya Evleri\">\n                    <img width=\"800\" height=\"600\" src=\"https:\/\/www.minersan.com.tr\/wp-content\/uploads\/2020\/05\/set_001fName_20170710023838855.jpg\" class=\"elementor-animation-grow\" alt=\"\" loading=\"lazy\" srcset=\"https:\/\/www.minersan.com.tr\/wp-content\/uploads\/2020\/05\/set_001fName_20170710023838855.jpg 800w, https:\/\/www.minersan.com.tr\/wp-content\/uploads\/2020\/05\/set_001fName_20170710023838855-600x450.jpg 600w, https:\/\/www.minersan.com.tr\/wp-content\/uploads\/2020\/05\/set_001fName_20170710023838855-300x225.jpg 300w, https:\/\/www.minersan.com.tr\/wp-content\/uploads\/2020\/05\/set_001fName_20170710023838855-768x576.jpg 768w, https:\/\/www.minersan.com.tr\/wp-content\/uploads\/2020\/05\/set_001fName_20170710023838855-213x160.jpg 213w\" sizes=\"(max-width: 800px) 100vw, 800px\" \/>                <\/a>\n                            <a href=\"https:\/\/www.minersan.com.tr\/wp-content\/uploads\/2020\/05\/set_001fName_20180424171136885.jpg\" class=\"ha-justified-gallery-item ha-js-popup ha-is--filter-3\" title=\"Ad\u0131yaman Bayisi\">\n                    <img width=\"800\" height=\"600\" src=\"https:\/\/www.minersan.com.tr\/wp-content\/uploads\/2020\/05\/set_001fName_20180424171136885.jpg\" class=\"elementor-animation-grow\" alt=\"\" loading=\"lazy\" srcset=\"https:\/\/www.minersan.com.tr\/wp-content\/uploads\/2020\/05\/set_001fName_20180424171136885.jpg 800w, https:\/\/www.minersan.com.tr\/wp-content\/uploads\/2020\/05\/set_001fName_20180424171136885-600x450.jpg 600w, https:\/\/www.minersan.com.tr\/wp-content\/uploads\/2020\/05\/set_001fName_20180424171136885-300x225.jpg 300w, https:\/\/www.minersan.com.tr\/wp-content\/uploads\/2020\/05\/set_001fName_20180424171136885-768x576.jpg 768w, https:\/\/www.minersan.com.tr\/wp-content\/uploads\/2020\/05\/set_001fName_20180424171136885-213x160.jpg 213w\" sizes=\"(max-width: 800px) 100vw, 800px\" \/>                <\/a>\n                            <a href=\"https:\/\/www.minersan.com.tr\/wp-content\/uploads\/2020\/05\/set_001fName_20180424171203260.jpg\" class=\"ha-justified-gallery-item ha-js-popup ha-is--filter-3\" title=\"Ad\u0131yaman Bayisi\">\n                    <img width=\"800\" height=\"600\" src=\"https:\/\/www.minersan.com.tr\/wp-content\/uploads\/2020\/05\/set_001fName_20180424171203260.jpg\" class=\"elementor-animation-grow\" alt=\"\" loading=\"lazy\" srcset=\"https:\/\/www.minersan.com.tr\/wp-content\/uploads\/2020\/05\/set_001fName_20180424171203260.jpg 800w, https:\/\/www.minersan.com.tr\/wp-content\/uploads\/2020\/05\/set_001fName_20180424171203260-600x450.jpg 600w, https:\/\/www.minersan.com.tr\/wp-content\/uploads\/2020\/05\/set_001fName_20180424171203260-300x225.jpg 300w, https:\/\/www.minersan.com.tr\/wp-content\/uploads\/2020\/05\/set_001fName_20180424171203260-768x576.jpg 768w, https:\/\/www.minersan.com.tr\/wp-content\/uploads\/2020\/05\/set_001fName_20180424171203260-213x160.jpg 213w\" sizes=\"(max-width: 800px) 100vw, 800px\" \/>                <\/a>\n                            <a href=\"https:\/\/www.minersan.com.tr\/wp-content\/uploads\/2020\/05\/set_001fName_20180425143003682.jpg\" class=\"ha-justified-gallery-item ha-js-popup ha-is--filter-3\" title=\"Samsun Kavak Bayisi\">\n                    <img width=\"800\" height=\"600\" src=\"https:\/\/www.minersan.com.tr\/wp-content\/uploads\/2020\/05\/set_001fName_20180425143003682.jpg\" class=\"elementor-animation-grow\" alt=\"\" loading=\"lazy\" srcset=\"https:\/\/www.minersan.com.tr\/wp-content\/uploads\/2020\/05\/set_001fName_20180425143003682.jpg 800w, https:\/\/www.minersan.com.tr\/wp-content\/uploads\/2020\/05\/set_001fName_20180425143003682-600x450.jpg 600w, https:\/\/www.minersan.com.tr\/wp-content\/uploads\/2020\/05\/set_001fName_20180425143003682-300x225.jpg 300w, https:\/\/www.minersan.com.tr\/wp-content\/uploads\/2020\/05\/set_001fName_20180425143003682-768x576.jpg 768w, https:\/\/www.minersan.com.tr\/wp-content\/uploads\/2020\/05\/set_001fName_20180425143003682-213x160.jpg 213w\" sizes=\"(max-width: 800px) 100vw, 800px\" \/>                <\/a>\n                            <a href=\"https:\/\/www.minersan.com.tr\/wp-content\/uploads\/2020\/05\/set_001fName_20180503131258531.jpeg\" class=\"ha-justified-gallery-item ha-js-popup ha-is--filter-3\" title=\"Tekirda\u011f \u00c7erkezk\u00f6y Bayisi\">\n                    <img width=\"800\" height=\"600\" src=\"https:\/\/www.minersan.com.tr\/wp-content\/uploads\/2020\/05\/set_001fName_20180503131258531.jpeg\" class=\"elementor-animation-grow\" alt=\"\" loading=\"lazy\" srcset=\"https:\/\/www.minersan.com.tr\/wp-content\/uploads\/2020\/05\/set_001fName_20180503131258531.jpeg 800w, https:\/\/www.minersan.com.tr\/wp-content\/uploads\/2020\/05\/set_001fName_20180503131258531-600x450.jpeg 600w, https:\/\/www.minersan.com.tr\/wp-content\/uploads\/2020\/05\/set_001fName_20180503131258531-300x225.jpeg 300w, https:\/\/www.minersan.com.tr\/wp-content\/uploads\/2020\/05\/set_001fName_20180503131258531-768x576.jpeg 768w, https:\/\/www.minersan.com.tr\/wp-content\/uploads\/2020\/05\/set_001fName_20180503131258531-213x160.jpeg 213w\" sizes=\"(max-width: 800px) 100vw, 800px\" \/>                <\/a>\n                            <a href=\"https:\/\/www.minersan.com.tr\/wp-content\/uploads\/2020\/05\/set_001fName_20180503131408204.jpeg\" class=\"ha-justified-gallery-item ha-js-popup ha-is--filter-3\" title=\"Kocaeli - Bursa Bayisi\">\n                    <img width=\"800\" height=\"600\" src=\"https:\/\/www.minersan.com.tr\/wp-content\/uploads\/2020\/05\/set_001fName_20180503131408204.jpeg\" class=\"elementor-animation-grow\" alt=\"\" loading=\"lazy\" srcset=\"https:\/\/www.minersan.com.tr\/wp-content\/uploads\/2020\/05\/set_001fName_20180503131408204.jpeg 800w, https:\/\/www.minersan.com.tr\/wp-content\/uploads\/2020\/05\/set_001fName_20180503131408204-600x450.jpeg 600w, https:\/\/www.minersan.com.tr\/wp-content\/uploads\/2020\/05\/set_001fName_20180503131408204-300x225.jpeg 300w, https:\/\/www.minersan.com.tr\/wp-content\/uploads\/2020\/05\/set_001fName_20180503131408204-768x576.jpeg 768w, https:\/\/www.minersan.com.tr\/wp-content\/uploads\/2020\/05\/set_001fName_20180503131408204-213x160.jpeg 213w\" sizes=\"(max-width: 800px) 100vw, 800px\" \/>                <\/a>\n                            <a href=\"https:\/\/www.minersan.com.tr\/wp-content\/uploads\/2020\/05\/set_001fName_20180503131445328.jpeg\" class=\"ha-justified-gallery-item ha-js-popup ha-is--filter-3\" title=\"Paradise Mimarl\u0131k Samsun Bayisi\">\n                    <img width=\"800\" height=\"600\" src=\"https:\/\/www.minersan.com.tr\/wp-content\/uploads\/2020\/05\/set_001fName_20180503131445328.jpeg\" class=\"elementor-animation-grow\" alt=\"\" loading=\"lazy\" srcset=\"https:\/\/www.minersan.com.tr\/wp-content\/uploads\/2020\/05\/set_001fName_20180503131445328.jpeg 800w, https:\/\/www.minersan.com.tr\/wp-content\/uploads\/2020\/05\/set_001fName_20180503131445328-600x450.jpeg 600w, https:\/\/www.minersan.com.tr\/wp-content\/uploads\/2020\/05\/set_001fName_20180503131445328-300x225.jpeg 300w, https:\/\/www.minersan.com.tr\/wp-content\/uploads\/2020\/05\/set_001fName_20180503131445328-768x576.jpeg 768w, https:\/\/www.minersan.com.tr\/wp-content\/uploads\/2020\/05\/set_001fName_20180503131445328-213x160.jpeg 213w\" sizes=\"(max-width: 800px) 100vw, 800px\" \/>                <\/a>\n                    <\/div>\n\n        \t\t<\/div>\n\t\t\t\t<\/div>\n\t\t\t\t\t\t<\/div>\n\t\t\t\t\t<\/div>\n\t\t<\/div>\n\t\t\t\t\t\t\t\t<\/div>\n\t\t\t\t\t<\/div>\n\t\t<\/section>\n\t\t\t\t\t\t<\/div>\n\t\t\t\t\t<\/div>\n\t\t<\/div>\n\t\t\t\t\t\t\t\t<\/div>\n\t\t\t\t\t<\/div>\n\t\t<\/section>\n\t\t\t\t\t\t<\/div>\n\t\t\t\t\t\t<\/div>\n\t\t\t\t\t<\/div>\n\t\t","protected":false},"excerpt":{"rendered":"<p>ALL EXTERIOR INTERIOR OUR DEALERS<\/p>\n","protected":false},"author":1,"featured_media":0,"parent":0,"menu_order":6,"comment_status":"closed","ping_status":"closed","template":"","meta":[],"_links":{"self":[{"href":"https:\/\/www.minersan.com.tr\/index.php?rest_route=\/wp\/v2\/pages\/1478"}],"collection":[{"href":"https:\/\/www.minersan.com.tr\/index.php?rest_route=\/wp\/v2\/pages"}],"about":[{"href":"https:\/\/www.minersan.com.tr\/index.php?rest_route=\/wp\/v2\/types\/page"}],"author":[{"embeddable":true,"href":"https:\/\/www.minersan.com.tr\/index.php?rest_route=\/wp\/v2\/users\/1"}],"replies":[{"embeddable":true,"href":"https:\/\/www.minersan.com.tr\/index.php?rest_route=%2Fwp%2Fv2%2Fcomments&post=1478"}],"version-history":[{"count":4,"href":"https:\/\/www.minersan.com.tr\/index.php?rest_route=\/wp\/v2\/pages\/1478\/revisions"}],"predecessor-version":[{"id":1482,"href":"https:\/\/www.minersan.com.tr\/index.php?rest_route=\/wp\/v2\/pages\/1478\/revisions\/1482"}],"wp:attachment":[{"href":"https:\/\/www.minersan.com.tr\/index.php?rest_route=%2Fwp%2Fv2%2Fmedia&parent=1478"}],"curies":[{"name":"wp","href":"https:\/\/api.w.org\/{rel}","templated":true}]}}