{"id":465,"date":"2020-05-11T14:42:11","date_gmt":"2020-05-11T11:42:11","guid":{"rendered":"http:\/\/www.minersan.com.tr\/?page_id=465"},"modified":"2020-06-30T11:30:46","modified_gmt":"2020-06-30T08:30:46","slug":"hakkimizda","status":"publish","type":"page","link":"https:\/\/www.minersan.com.tr\/?page_id=465","title":{"rendered":"Hakk\u0131m\u0131zda"},"content":{"rendered":"\t\t<div data-elementor-type=\"wp-page\" data-elementor-id=\"465\" class=\"elementor elementor-465\" data-elementor-settings=\"[]\">\n\t\t\t\t\t\t<div class=\"elementor-inner\">\n\t\t\t\t\t\t\t<div class=\"elementor-section-wrap\">\n\t\t\t\t\t\t\t<section class=\"elementor-section elementor-top-section elementor-element elementor-element-d98a4c9 elementor-section-stretched elementor-section-full_width elementor-section-height-default elementor-section-height-default elementor-invisible\" data-id=\"d98a4c9\" data-element_type=\"section\" data-settings=\"{&quot;stretch_section&quot;:&quot;section-stretched&quot;,&quot;animation&quot;:&quot;fadeIn&quot;}\">\n\t\t\t\t\t\t<div class=\"elementor-container elementor-column-gap-no\">\n\t\t\t\t\t\t\t<div class=\"elementor-row\">\n\t\t\t\t\t<div class=\"elementor-column elementor-col-100 elementor-top-column elementor-element elementor-element-f35c68c\" data-id=\"f35c68c\" data-element_type=\"column\">\n\t\t\t<div class=\"elementor-column-wrap elementor-element-populated\">\n\t\t\t\t\t\t\t<div class=\"elementor-widget-wrap\">\n\t\t\t\t\t\t\t\t<\/div>\n\t\t\t\t\t<\/div>\n\t\t<\/div>\n\t\t\t\t\t\t\t\t<\/div>\n\t\t\t\t\t<\/div>\n\t\t<\/section>\n\t\t\t\t<section class=\"elementor-section elementor-top-section elementor-element elementor-element-1ac5790 elementor-section-boxed elementor-section-height-default elementor-section-height-default\" data-id=\"1ac5790\" data-element_type=\"section\">\n\t\t\t\t\t\t<div class=\"elementor-container elementor-column-gap-default\">\n\t\t\t\t\t\t\t<div class=\"elementor-row\">\n\t\t\t\t\t<div class=\"elementor-column elementor-col-100 elementor-top-column elementor-element elementor-element-a513b21\" data-id=\"a513b21\" data-element_type=\"column\">\n\t\t\t<div class=\"elementor-column-wrap elementor-element-populated\">\n\t\t\t\t\t\t\t<div class=\"elementor-widget-wrap\">\n\t\t\t\t\t\t<section class=\"elementor-section elementor-inner-section elementor-element elementor-element-0f2dc77 elementor-section-boxed elementor-section-height-default elementor-section-height-default\" data-id=\"0f2dc77\" data-element_type=\"section\">\n\t\t\t\t\t\t<div class=\"elementor-container elementor-column-gap-default\">\n\t\t\t\t\t\t\t<div class=\"elementor-row\">\n\t\t\t\t\t<div class=\"elementor-column elementor-col-50 elementor-inner-column elementor-element elementor-element-2b0c609 animated-slow elementor-invisible\" data-id=\"2b0c609\" data-element_type=\"column\" data-settings=\"{&quot;animation&quot;:&quot;fadeIn&quot;}\">\n\t\t\t<div class=\"elementor-column-wrap elementor-element-populated\">\n\t\t\t\t\t\t\t<div class=\"elementor-widget-wrap\">\n\t\t\t\t\t\t<div class=\"elementor-element elementor-element-ae87c6b elementor-widget elementor-widget-heading\" data-id=\"ae87c6b\" data-element_type=\"widget\" data-widget_type=\"heading.default\">\n\t\t\t\t<div class=\"elementor-widget-container\">\n\t\t\t<h2 class=\"elementor-heading-title elementor-size-default\">Hakk\u0131m\u0131zda<\/h2>\t\t<\/div>\n\t\t\t\t<\/div>\n\t\t\t\t<div class=\"elementor-element elementor-element-69c992c elementor-widget-divider--view-line elementor-widget elementor-widget-divider\" data-id=\"69c992c\" data-element_type=\"widget\" data-widget_type=\"divider.default\">\n\t\t\t\t<div class=\"elementor-widget-container\">\n\t\t\t\t\t<div class=\"elementor-divider\">\n\t\t\t<span class=\"elementor-divider-separator\">\n\t\t\t\t\t\t<\/span>\n\t\t<\/div>\n\t\t\t\t<\/div>\n\t\t\t\t<\/div>\n\t\t\t\t<div class=\"elementor-element elementor-element-7211d521 elementor-widget elementor-widget-text-editor\" data-id=\"7211d521\" data-element_type=\"widget\" data-widget_type=\"text-editor.default\">\n\t\t\t\t<div class=\"elementor-widget-container\">\n\t\t\t\t\t<div class=\"elementor-text-editor elementor-clearfix\"><p>Minersan Mineral A.\u015e. : 2015 y\u0131l\u0131nda yap\u0131 kimyasallar\u0131 sekt\u00f6r\u00fcne giri\u015f yapm\u0131\u015f \u015firketlerden birisidir.<\/p><p>Yap\u0131 kimyasallar\u0131 ve yal\u0131t\u0131m malzemeleri alan\u0131nda, bu g\u00fcne kadar bilinen t\u00fcm \u00fcr\u00fcnlerin d\u0131\u015f\u0131nda \u00f6zel olarak tan\u0131mlanabilecek bir \u00fcr\u00fcn\u00fc sekt\u00f6re sunmaktad\u0131r. ISO 9001:2008, TSE ve CE belgelerine sahip olan Minersan Mineral A.\u015e. 4 y\u0131ll\u0131k bir AR-GE ge\u00e7mi\u015fi sonucunda yeni nesil \u0131s\u0131 yal\u0131t\u0131m\u0131yla sekt\u00f6re ad\u0131n\u0131 yazd\u0131rm\u0131\u015ft\u0131r. 2200 m\u00b2 kapal\u0131 7500 m\u00b2 a\u00e7\u0131k alana sahip olan Minersan Mineral A.\u015e. Amasya ilimizde kendi kalite g\u00fcvencesiyle \u00fcretim yapmaktad\u0131r.<\/p><p>\u00dcr\u00fcn\u00fcm\u00fcz\u00fcn kolay uygulana bilirli\u011fi, d\u00fc\u015f\u00fck maliyetli olu\u015fu ve TSE nin belirtmi\u015f oldu\u011fu t\u00fcm standartlara uygun olmas\u0131 sekt\u00f6rde yenilik\u00e7i, \u00e7a\u011fda\u015f ve modern bir firma olma yolunda emin ad\u0131mlarla ilerledi\u011fimizin bir g\u00f6stergesidir.<\/p><p>Olu\u015fturulmu\u015f uzman kadromuz ile in\u015faat sekt\u00f6r\u00fcnde kar\u015f\u0131m\u0131za \u00e7\u0131kabilecek t\u00fcm sorunlara kar\u015f\u0131 \u00e7\u00f6z\u00fcm \u00fcreterek m\u00fc\u015fteri memnuniyetini her zaman \u00f6n planda tutmakta olan Minersan Mineral A.\u015e. m\u00fc\u015fterinin isteklerini bir vazife olarak g\u00f6rm\u00fc\u015f ve ihtiya\u00e7lar\u0131n\u0131 kar\u015f\u0131lamak i\u00e7in geni\u015f \u00e7apl\u0131 AR-GE laboratuvar\u0131 kurmu\u015ftur.<\/p><p>Minersan Mineral A.\u015e; Gelece\u011fe g\u00fcvenle bakman\u0131z, sa\u011fl\u0131kl\u0131 ve mutlu bir ya\u015fam ge\u00e7irmeniz i\u00e7in mevcut \u00fcr\u00fcnlerinin kalitesini her daim art\u0131rmak ve yeni \u00fcr\u00fcnler ile piyasaya zenginlik katarak siz de\u011ferli m\u00fc\u015fterilerimize sunmaya devam etmektedir.<\/p><\/div>\n\t\t\t\t<\/div>\n\t\t\t\t<\/div>\n\t\t\t\t\t\t<\/div>\n\t\t\t\t\t<\/div>\n\t\t<\/div>\n\t\t\t\t<div class=\"elementor-column elementor-col-50 elementor-inner-column elementor-element elementor-element-fadff98 animated-slow elementor-invisible\" data-id=\"fadff98\" data-element_type=\"column\" data-settings=\"{&quot;animation&quot;:&quot;fadeInRight&quot;}\">\n\t\t\t<div class=\"elementor-column-wrap elementor-element-populated\">\n\t\t\t\t\t\t\t<div class=\"elementor-widget-wrap\">\n\t\t\t\t\t\t<div class=\"elementor-element elementor-element-4ab24530 elementor-widget elementor-widget-heading\" data-id=\"4ab24530\" data-element_type=\"widget\" data-widget_type=\"heading.default\">\n\t\t\t\t<div class=\"elementor-widget-container\">\n\t\t\t<h3 class=\"elementor-heading-title elementor-size-default\">T\u00fcrkiye' de \u00fcretip t\u00fcm d\u00fcnyaya uyguluyoruz<\/h3>\t\t<\/div>\n\t\t\t\t<\/div>\n\t\t\t\t<div class=\"elementor-element elementor-element-331b938c elementor-widget-divider--view-line elementor-widget elementor-widget-divider\" data-id=\"331b938c\" data-element_type=\"widget\" data-widget_type=\"divider.default\">\n\t\t\t\t<div class=\"elementor-widget-container\">\n\t\t\t\t\t<div class=\"elementor-divider\">\n\t\t\t<span class=\"elementor-divider-separator\">\n\t\t\t\t\t\t<\/span>\n\t\t<\/div>\n\t\t\t\t<\/div>\n\t\t\t\t<\/div>\n\t\t\t\t<div class=\"elementor-element elementor-element-b2361d4 elementor-widget elementor-widget-spacer\" data-id=\"b2361d4\" data-element_type=\"widget\" data-widget_type=\"spacer.default\">\n\t\t\t\t<div class=\"elementor-widget-container\">\n\t\t\t\t\t<div class=\"elementor-spacer\">\n\t\t\t<div class=\"elementor-spacer-inner\"><\/div>\n\t\t<\/div>\n\t\t\t\t<\/div>\n\t\t\t\t<\/div>\n\t\t\t\t<div class=\"elementor-element elementor-element-39b0bc4 elementor-widget elementor-widget-image\" data-id=\"39b0bc4\" data-element_type=\"widget\" data-widget_type=\"image.default\">\n\t\t\t\t<div class=\"elementor-widget-container\">\n\t\t\t\t\t<div class=\"elementor-image\">\n\t\t\t\t\t\t\t\t\t\t<img width=\"630\" height=\"547\" src=\"https:\/\/www.minersan.com.tr\/wp-content\/uploads\/2020\/05\/item-2.jpg\" class=\"attachment-large size-large\" alt=\"\" loading=\"lazy\" srcset=\"https:\/\/www.minersan.com.tr\/wp-content\/uploads\/2020\/05\/item-2.jpg 630w, https:\/\/www.minersan.com.tr\/wp-content\/uploads\/2020\/05\/item-2-600x521.jpg 600w, https:\/\/www.minersan.com.tr\/wp-content\/uploads\/2020\/05\/item-2-300x260.jpg 300w\" sizes=\"(max-width: 630px) 100vw, 630px\" \/>\t\t\t\t\t\t\t\t\t\t\t<\/div>\n\t\t\t\t<\/div>\n\t\t\t\t<\/div>\n\t\t\t\t\t\t<\/div>\n\t\t\t\t\t<\/div>\n\t\t<\/div>\n\t\t\t\t\t\t\t\t<\/div>\n\t\t\t\t\t<\/div>\n\t\t<\/section>\n\t\t\t\t\t\t<\/div>\n\t\t\t\t\t<\/div>\n\t\t<\/div>\n\t\t\t\t\t\t\t\t<\/div>\n\t\t\t\t\t<\/div>\n\t\t<\/section>\n\t\t\t\t\t\t<\/div>\n\t\t\t\t\t\t<\/div>\n\t\t\t\t\t<\/div>\n\t\t","protected":false},"excerpt":{"rendered":"<p>Hakk\u0131m\u0131zda Minersan Mineral A.\u015e. : 2015 y\u0131l\u0131nda yap\u0131 kimyasallar\u0131 sekt\u00f6r\u00fcne giri\u015f yapm\u0131\u015f \u015firketlerden birisidir. Yap\u0131 kimyasallar\u0131 ve yal\u0131t\u0131m malzemeleri alan\u0131nda, bu g\u00fcne kadar bilinen t\u00fcm \u00fcr\u00fcnlerin d\u0131\u015f\u0131nda \u00f6zel olarak tan\u0131mlanabilecek bir \u00fcr\u00fcn\u00fc sekt\u00f6re sunmaktad\u0131r. ISO 9001:2008, TSE ve CE belgelerine sahip olan Minersan Mineral A.\u015e. 4 y\u0131ll\u0131k bir AR-GE ge\u00e7mi\u015fi sonucunda yeni nesil \u0131s\u0131 yal\u0131t\u0131m\u0131yla [&hellip;]<\/p>\n","protected":false},"author":1,"featured_media":0,"parent":525,"menu_order":1,"comment_status":"closed","ping_status":"closed","template":"","meta":[],"_links":{"self":[{"href":"https:\/\/www.minersan.com.tr\/index.php?rest_route=\/wp\/v2\/pages\/465"}],"collection":[{"href":"https:\/\/www.minersan.com.tr\/index.php?rest_route=\/wp\/v2\/pages"}],"about":[{"href":"https:\/\/www.minersan.com.tr\/index.php?rest_route=\/wp\/v2\/types\/page"}],"author":[{"embeddable":true,"href":"https:\/\/www.minersan.com.tr\/index.php?rest_route=\/wp\/v2\/users\/1"}],"replies":[{"embeddable":true,"href":"https:\/\/www.minersan.com.tr\/index.php?rest_route=%2Fwp%2Fv2%2Fcomments&post=465"}],"version-history":[{"count":8,"href":"https:\/\/www.minersan.com.tr\/index.php?rest_route=\/wp\/v2\/pages\/465\/revisions"}],"predecessor-version":[{"id":1166,"href":"https:\/\/www.minersan.com.tr\/index.php?rest_route=\/wp\/v2\/pages\/465\/revisions\/1166"}],"up":[{"embeddable":true,"href":"https:\/\/www.minersan.com.tr\/index.php?rest_route=\/wp\/v2\/pages\/525"}],"wp:attachment":[{"href":"https:\/\/www.minersan.com.tr\/index.php?rest_route=%2Fwp%2Fv2%2Fmedia&parent=465"}],"curies":[{"name":"wp","href":"https:\/\/api.w.org\/{rel}","templated":true}]}}