{"id":835,"date":"2020-05-14T16:08:39","date_gmt":"2020-05-14T13:08:39","guid":{"rendered":"http:\/\/www.minersan.com.tr\/?page_id=835"},"modified":"2020-07-06T15:24:23","modified_gmt":"2020-07-06T12:24:23","slug":"minermanto","status":"publish","type":"page","link":"https:\/\/www.minersan.com.tr\/?page_id=835","title":{"rendered":"MINERMANTO"},"content":{"rendered":"\t\t<div data-elementor-type=\"wp-page\" data-elementor-id=\"835\" class=\"elementor elementor-835\" data-elementor-settings=\"[]\">\n\t\t\t\t\t\t<div class=\"elementor-inner\">\n\t\t\t\t\t\t\t<div class=\"elementor-section-wrap\">\n\t\t\t\t\t\t\t<section class=\"elementor-section elementor-top-section elementor-element elementor-element-d98a4c9 elementor-section-stretched elementor-section-full_width elementor-section-height-default elementor-section-height-default elementor-invisible\" data-id=\"d98a4c9\" data-element_type=\"section\" data-settings=\"{&quot;stretch_section&quot;:&quot;section-stretched&quot;,&quot;animation&quot;:&quot;fadeIn&quot;}\">\n\t\t\t\t\t\t<div class=\"elementor-container elementor-column-gap-no\">\n\t\t\t\t\t\t\t<div class=\"elementor-row\">\n\t\t\t\t\t<div class=\"elementor-column elementor-col-100 elementor-top-column elementor-element elementor-element-f35c68c\" data-id=\"f35c68c\" data-element_type=\"column\">\n\t\t\t<div class=\"elementor-column-wrap elementor-element-populated\">\n\t\t\t\t\t\t\t<div class=\"elementor-widget-wrap\">\n\t\t\t\t\t\t\t\t<\/div>\n\t\t\t\t\t<\/div>\n\t\t<\/div>\n\t\t\t\t\t\t\t\t<\/div>\n\t\t\t\t\t<\/div>\n\t\t<\/section>\n\t\t\t\t<section class=\"elementor-section elementor-top-section elementor-element elementor-element-1ac5790 elementor-section-boxed elementor-section-height-default elementor-section-height-default\" data-id=\"1ac5790\" data-element_type=\"section\">\n\t\t\t\t\t\t<div class=\"elementor-container elementor-column-gap-default\">\n\t\t\t\t\t\t\t<div class=\"elementor-row\">\n\t\t\t\t\t<div class=\"elementor-column elementor-col-100 elementor-top-column elementor-element elementor-element-a513b21\" data-id=\"a513b21\" data-element_type=\"column\">\n\t\t\t<div class=\"elementor-column-wrap elementor-element-populated\">\n\t\t\t\t\t\t\t<div class=\"elementor-widget-wrap\">\n\t\t\t\t\t\t<section class=\"elementor-section elementor-inner-section elementor-element elementor-element-0f2dc77 elementor-section-boxed elementor-section-height-default elementor-section-height-default\" data-id=\"0f2dc77\" data-element_type=\"section\">\n\t\t\t\t\t\t<div class=\"elementor-container elementor-column-gap-default\">\n\t\t\t\t\t\t\t<div class=\"elementor-row\">\n\t\t\t\t\t<div class=\"elementor-column elementor-col-50 elementor-inner-column elementor-element elementor-element-fadff98 animated-slow elementor-invisible\" data-id=\"fadff98\" data-element_type=\"column\" data-settings=\"{&quot;animation&quot;:&quot;fadeInLeft&quot;}\">\n\t\t\t<div class=\"elementor-column-wrap elementor-element-populated\">\n\t\t\t\t\t\t\t<div class=\"elementor-widget-wrap\">\n\t\t\t\t\t\t<div class=\"elementor-element elementor-element-614f7ce elementor-arrows-position-inside elementor-pagination-position-outside elementor-widget elementor-widget-image-carousel\" data-id=\"614f7ce\" data-element_type=\"widget\" data-settings=\"{&quot;slides_to_show&quot;:&quot;1&quot;,&quot;autoplay&quot;:&quot;no&quot;,&quot;navigation&quot;:&quot;both&quot;,&quot;infinite&quot;:&quot;yes&quot;,&quot;effect&quot;:&quot;slide&quot;,&quot;speed&quot;:500}\" data-widget_type=\"image-carousel.default\">\n\t\t\t\t<div class=\"elementor-widget-container\">\n\t\t\t\t\t<div class=\"elementor-image-carousel-wrapper swiper-container\" dir=\"ltr\">\n\t\t\t<div class=\"elementor-image-carousel swiper-wrapper\">\n\t\t\t\t<div class=\"swiper-slide\"><figure class=\"swiper-slide-inner\"><img class=\"swiper-slide-image\" src=\"https:\/\/www.minersan.com.tr\/wp-content\/uploads\/2020\/05\/set_001fName_20170710134456889.jpg\" alt=\"set_001fName_20170710134456889\" \/><\/figure><\/div>\t\t\t<\/div>\n\t\t\t\t\t<\/div>\n\t\t\t\t<\/div>\n\t\t\t\t<\/div>\n\t\t\t\t\t\t<\/div>\n\t\t\t\t\t<\/div>\n\t\t<\/div>\n\t\t\t\t<div class=\"elementor-column elementor-col-50 elementor-inner-column elementor-element elementor-element-2b0c609 animated-slow elementor-invisible\" data-id=\"2b0c609\" data-element_type=\"column\" data-settings=\"{&quot;animation&quot;:&quot;fadeIn&quot;}\">\n\t\t\t<div class=\"elementor-column-wrap elementor-element-populated\">\n\t\t\t\t\t\t\t<div class=\"elementor-widget-wrap\">\n\t\t\t\t\t\t<div class=\"elementor-element elementor-element-2b0cd0c animated-slow elementor-invisible elementor-widget elementor-widget-heading\" data-id=\"2b0cd0c\" data-element_type=\"widget\" data-settings=\"{&quot;_animation&quot;:&quot;fadeIn&quot;}\" data-widget_type=\"heading.default\">\n\t\t\t\t<div class=\"elementor-widget-container\">\n\t\t\t<h2 class=\"elementor-heading-title elementor-size-default\">Minermanto<\/h2>\t\t<\/div>\n\t\t\t\t<\/div>\n\t\t\t\t<div class=\"elementor-element elementor-element-7211d521 elementor-widget elementor-widget-text-editor\" data-id=\"7211d521\" data-element_type=\"widget\" data-widget_type=\"text-editor.default\">\n\t\t\t\t<div class=\"elementor-widget-container\">\n\t\t\t\t\t<div class=\"elementor-text-editor elementor-clearfix\"><p><span class=\"fontstyle0\"><strong>M\u0130NERMANTO; <\/strong>\u00e7imento esasl\u0131, do\u011fal minerallerle desteklenmi\u015f yap\u0131s\u0131nda polimer i\u00e7eren <strong>(gaz beton, bims, br\u00fct beton, cam, Al\u00e7\u0131pan, PVC, \u00a0betopan, Al\u00e7\u0131, Ya\u011fl\u0131 boyal\u0131 y\u00fczeyler, \u00e7elik konstr\u00fcksiyon, galvaniziz metal y\u00fczeyler eski yap\u0131lar ve fayans y\u00fczeyleri vb.) <\/strong>\u00a0y\u00fczeylere \u00e7elik mala ile 3-4 mm kal\u0131nl\u0131\u011f\u0131nda uygulanan \u00a0hemen ard\u0131ndan tarakl\u0131 mala ile yere paralel \u015fekilde taranarak HORASAN PLUS \u0131s\u0131 yal\u0131t\u0131m s\u0131vas\u0131na uygun hale getirmek i\u00e7in kullan\u0131lan \u00e7ok g\u00fc\u00e7l\u00fc bir aderans art\u0131r\u0131c\u0131 macundur.\u00a0<\/span><\/p><\/div>\n\t\t\t\t<\/div>\n\t\t\t\t<\/div>\n\t\t\t\t\t\t<\/div>\n\t\t\t\t\t<\/div>\n\t\t<\/div>\n\t\t\t\t\t\t\t\t<\/div>\n\t\t\t\t\t<\/div>\n\t\t<\/section>\n\t\t\t\t<div class=\"elementor-element elementor-element-9ff3cf2 elementor-tabs-view-horizontal elementor-widget elementor-widget-tabs\" data-id=\"9ff3cf2\" data-element_type=\"widget\" data-widget_type=\"tabs.default\">\n\t\t\t\t<div class=\"elementor-widget-container\">\n\t\t\t\t\t<div class=\"elementor-tabs\" role=\"tablist\">\n\t\t\t<div class=\"elementor-tabs-wrapper\">\n\t\t\t\t\t\t\t\t\t<div id=\"elementor-tab-title-1671\" class=\"elementor-tab-title elementor-tab-desktop-title\" data-tab=\"1\" role=\"tab\" aria-controls=\"elementor-tab-content-1671\"><a href=\"\">MSDS<\/a><\/div>\n\t\t\t\t\t\t\t\t\t<div id=\"elementor-tab-title-1672\" class=\"elementor-tab-title elementor-tab-desktop-title\" data-tab=\"2\" role=\"tab\" aria-controls=\"elementor-tab-content-1672\"><a href=\"\">Teknik \u00d6zellikler<\/a><\/div>\n\t\t\t\t\t\t\t<\/div>\n\t\t\t<div class=\"elementor-tabs-content-wrapper\">\n\t\t\t\t\t\t\t\t\t<div class=\"elementor-tab-title elementor-tab-mobile-title\" data-tab=\"1\" role=\"tab\">MSDS<\/div>\n\t\t\t\t\t<div id=\"elementor-tab-content-1671\" class=\"elementor-tab-content elementor-clearfix\" data-tab=\"1\" role=\"tabpanel\" aria-labelledby=\"elementor-tab-title-1671\"><div class=\"col-md-12\"><div class=\"tab-box pills\" data-tab-anima=\"fade-right\"><strong>UYGULAMA;<\/strong><br \/><br \/>Uygulama yap\u0131lacak y\u00fczey toz, kir, deterjan vb. tutunmay\u0131 \u00f6nleyici maddelerden ar\u0131nd\u0131r\u0131lmal\u0131d\u0131r. Y\u00fczeydeki bozukluklar uygulama \u00f6ncesi onar\u0131lmal\u0131 ve \u00e7ok emici nitelikteki y\u00fczeyler nemlendirilmelidir. Ortalama 7-8 litre kadar su ile 25 kg l\u0131k Minermanto macun tercihen d\u00fc\u015f\u00fck devirli bir mikser veya mala ile kuruluk kalmayacak \u015fekilde yakla\u015f\u0131k 3 dk. Kar\u0131\u015ft\u0131r\u0131lmal\u0131d\u0131r. Kar\u0131\u015f\u0131m hamur k\u0131vam\u0131nda olmal\u0131d\u0131r. Haz\u0131rlanan macun yakla\u015f\u0131k 5 dakika dinlendirildikten sonra haz\u0131rlanan har\u00e7 maksimum 30 dk. i\u00e7erisinde kullan\u0131lmal\u0131d\u0131r. Minermanto macun uygulama yap\u0131lacak y\u00fczeye bast\u0131r\u0131larak \u00e7elik mala ile s\u00fcr\u00fclmeli ve yere paralel olarak taraklanmal\u0131d\u0131r. \u00a0Macun uygulama kal\u0131nl\u0131\u011f\u0131 y\u00fczeyin durumuna g\u00f6re 3-4 \u00a0mm aral\u0131\u011f\u0131nda olmal\u0131d\u0131r. Uygulamadan hava ko\u015fullar\u0131na g\u00f6re 1-2 sonra Horasan Plus \u0131s\u0131 yal\u0131t\u0131m s\u0131vas\u0131 Uygulamas\u0131na ge\u00e7ilebilmektedir.<\/div><\/div><\/div>\n\t\t\t\t\t\t\t\t\t<div class=\"elementor-tab-title elementor-tab-mobile-title\" data-tab=\"2\" role=\"tab\">Teknik \u00d6zellikler<\/div>\n\t\t\t\t\t<div id=\"elementor-tab-content-1672\" class=\"elementor-tab-content elementor-clearfix\" data-tab=\"2\" role=\"tabpanel\" aria-labelledby=\"elementor-tab-title-1672\"><img style=\"width: 100%;\" src=\"https:\/\/www.minersan.com.tr\/wp-content\/uploads\/2020\/05\/set_001fName_20170710134518729.jpg\" data-gsrc=\"\" \/><\/div>\n\t\t\t\t\t\t\t<\/div>\n\t\t<\/div>\n\t\t\t\t<\/div>\n\t\t\t\t<\/div>\n\t\t\t\t\t\t<\/div>\n\t\t\t\t\t<\/div>\n\t\t<\/div>\n\t\t\t\t\t\t\t\t<\/div>\n\t\t\t\t\t<\/div>\n\t\t<\/section>\n\t\t\t\t\t\t<\/div>\n\t\t\t\t\t\t<\/div>\n\t\t\t\t\t<\/div>\n\t\t","protected":false},"excerpt":{"rendered":"<p>Minermanto M\u0130NERMANTO; \u00e7imento esasl\u0131, do\u011fal minerallerle desteklenmi\u015f yap\u0131s\u0131nda polimer i\u00e7eren (gaz beton, bims, br\u00fct beton, cam, Al\u00e7\u0131pan, PVC, \u00a0betopan, Al\u00e7\u0131, Ya\u011fl\u0131 boyal\u0131 y\u00fczeyler, \u00e7elik konstr\u00fcksiyon, galvaniziz metal y\u00fczeyler eski yap\u0131lar ve fayans y\u00fczeyleri vb.) \u00a0y\u00fczeylere \u00e7elik mala ile 3-4 mm kal\u0131nl\u0131\u011f\u0131nda uygulanan \u00a0hemen ard\u0131ndan tarakl\u0131 mala ile yere paralel \u015fekilde taranarak HORASAN PLUS \u0131s\u0131 yal\u0131t\u0131m [&hellip;]<\/p>\n","protected":false},"author":1,"featured_media":0,"parent":657,"menu_order":0,"comment_status":"closed","ping_status":"closed","template":"","meta":[],"_links":{"self":[{"href":"https:\/\/www.minersan.com.tr\/index.php?rest_route=\/wp\/v2\/pages\/835"}],"collection":[{"href":"https:\/\/www.minersan.com.tr\/index.php?rest_route=\/wp\/v2\/pages"}],"about":[{"href":"https:\/\/www.minersan.com.tr\/index.php?rest_route=\/wp\/v2\/types\/page"}],"author":[{"embeddable":true,"href":"https:\/\/www.minersan.com.tr\/index.php?rest_route=\/wp\/v2\/users\/1"}],"replies":[{"embeddable":true,"href":"https:\/\/www.minersan.com.tr\/index.php?rest_route=%2Fwp%2Fv2%2Fcomments&post=835"}],"version-history":[{"count":5,"href":"https:\/\/www.minersan.com.tr\/index.php?rest_route=\/wp\/v2\/pages\/835\/revisions"}],"predecessor-version":[{"id":1261,"href":"https:\/\/www.minersan.com.tr\/index.php?rest_route=\/wp\/v2\/pages\/835\/revisions\/1261"}],"up":[{"embeddable":true,"href":"https:\/\/www.minersan.com.tr\/index.php?rest_route=\/wp\/v2\/pages\/657"}],"wp:attachment":[{"href":"https:\/\/www.minersan.com.tr\/index.php?rest_route=%2Fwp%2Fv2%2Fmedia&parent=835"}],"curies":[{"name":"wp","href":"https:\/\/api.w.org\/{rel}","templated":true}]}}