{"id":840,"date":"2020-05-14T16:10:51","date_gmt":"2020-05-14T13:10:51","guid":{"rendered":"http:\/\/www.minersan.com.tr\/?page_id=840"},"modified":"2020-07-06T15:24:16","modified_gmt":"2020-07-06T12:24:16","slug":"minerdeco","status":"publish","type":"page","link":"https:\/\/www.minersan.com.tr\/?page_id=840","title":{"rendered":"MINERDECO"},"content":{"rendered":"\t\t<div data-elementor-type=\"wp-page\" data-elementor-id=\"840\" class=\"elementor elementor-840\" data-elementor-settings=\"[]\">\n\t\t\t\t\t\t<div class=\"elementor-inner\">\n\t\t\t\t\t\t\t<div class=\"elementor-section-wrap\">\n\t\t\t\t\t\t\t<section class=\"elementor-section elementor-top-section elementor-element elementor-element-d98a4c9 elementor-section-stretched elementor-section-full_width elementor-section-height-default elementor-section-height-default elementor-invisible\" data-id=\"d98a4c9\" data-element_type=\"section\" data-settings=\"{&quot;stretch_section&quot;:&quot;section-stretched&quot;,&quot;animation&quot;:&quot;fadeIn&quot;}\">\n\t\t\t\t\t\t<div class=\"elementor-container elementor-column-gap-no\">\n\t\t\t\t\t\t\t<div class=\"elementor-row\">\n\t\t\t\t\t<div class=\"elementor-column elementor-col-100 elementor-top-column elementor-element elementor-element-f35c68c\" data-id=\"f35c68c\" data-element_type=\"column\">\n\t\t\t<div class=\"elementor-column-wrap elementor-element-populated\">\n\t\t\t\t\t\t\t<div class=\"elementor-widget-wrap\">\n\t\t\t\t\t\t\t\t<\/div>\n\t\t\t\t\t<\/div>\n\t\t<\/div>\n\t\t\t\t\t\t\t\t<\/div>\n\t\t\t\t\t<\/div>\n\t\t<\/section>\n\t\t\t\t<section class=\"elementor-section elementor-top-section elementor-element elementor-element-1ac5790 elementor-section-boxed elementor-section-height-default elementor-section-height-default\" data-id=\"1ac5790\" data-element_type=\"section\">\n\t\t\t\t\t\t<div class=\"elementor-container elementor-column-gap-default\">\n\t\t\t\t\t\t\t<div class=\"elementor-row\">\n\t\t\t\t\t<div class=\"elementor-column elementor-col-100 elementor-top-column elementor-element elementor-element-a513b21\" data-id=\"a513b21\" data-element_type=\"column\">\n\t\t\t<div class=\"elementor-column-wrap elementor-element-populated\">\n\t\t\t\t\t\t\t<div class=\"elementor-widget-wrap\">\n\t\t\t\t\t\t<section class=\"elementor-section elementor-inner-section elementor-element elementor-element-0f2dc77 elementor-section-boxed elementor-section-height-default elementor-section-height-default\" data-id=\"0f2dc77\" data-element_type=\"section\">\n\t\t\t\t\t\t<div class=\"elementor-container elementor-column-gap-default\">\n\t\t\t\t\t\t\t<div class=\"elementor-row\">\n\t\t\t\t\t<div class=\"elementor-column elementor-col-50 elementor-inner-column elementor-element elementor-element-fadff98 animated-slow elementor-invisible\" data-id=\"fadff98\" data-element_type=\"column\" data-settings=\"{&quot;animation&quot;:&quot;fadeInLeft&quot;}\">\n\t\t\t<div class=\"elementor-column-wrap elementor-element-populated\">\n\t\t\t\t\t\t\t<div class=\"elementor-widget-wrap\">\n\t\t\t\t\t\t<div class=\"elementor-element elementor-element-614f7ce elementor-arrows-position-inside elementor-pagination-position-outside elementor-widget elementor-widget-image-carousel\" data-id=\"614f7ce\" data-element_type=\"widget\" data-settings=\"{&quot;slides_to_show&quot;:&quot;1&quot;,&quot;autoplay&quot;:&quot;no&quot;,&quot;navigation&quot;:&quot;both&quot;,&quot;infinite&quot;:&quot;yes&quot;,&quot;effect&quot;:&quot;slide&quot;,&quot;speed&quot;:500}\" data-widget_type=\"image-carousel.default\">\n\t\t\t\t<div class=\"elementor-widget-container\">\n\t\t\t\t\t<div class=\"elementor-image-carousel-wrapper swiper-container\" dir=\"ltr\">\n\t\t\t<div class=\"elementor-image-carousel swiper-wrapper\">\n\t\t\t\t<div class=\"swiper-slide\"><figure class=\"swiper-slide-inner\"><img class=\"swiper-slide-image\" src=\"https:\/\/www.minersan.com.tr\/wp-content\/uploads\/2020\/05\/set_001fName_20170710140650583.jpg\" alt=\"set_001fName_20170710140650583\" \/><\/figure><\/div>\t\t\t<\/div>\n\t\t\t\t\t<\/div>\n\t\t\t\t<\/div>\n\t\t\t\t<\/div>\n\t\t\t\t\t\t<\/div>\n\t\t\t\t\t<\/div>\n\t\t<\/div>\n\t\t\t\t<div class=\"elementor-column elementor-col-50 elementor-inner-column elementor-element elementor-element-2b0c609 animated-slow elementor-invisible\" data-id=\"2b0c609\" data-element_type=\"column\" data-settings=\"{&quot;animation&quot;:&quot;fadeIn&quot;}\">\n\t\t\t<div class=\"elementor-column-wrap elementor-element-populated\">\n\t\t\t\t\t\t\t<div class=\"elementor-widget-wrap\">\n\t\t\t\t\t\t<div class=\"elementor-element elementor-element-2b0cd0c animated-slow elementor-invisible elementor-widget elementor-widget-heading\" data-id=\"2b0cd0c\" data-element_type=\"widget\" data-settings=\"{&quot;_animation&quot;:&quot;fadeIn&quot;}\" data-widget_type=\"heading.default\">\n\t\t\t\t<div class=\"elementor-widget-container\">\n\t\t\t<h2 class=\"elementor-heading-title elementor-size-default\">Minerdeco<\/h2>\t\t<\/div>\n\t\t\t\t<\/div>\n\t\t\t\t<div class=\"elementor-element elementor-element-7211d521 elementor-widget elementor-widget-text-editor\" data-id=\"7211d521\" data-element_type=\"widget\" data-widget_type=\"text-editor.default\">\n\t\t\t\t<div class=\"elementor-widget-container\">\n\t\t\t\t\t<div class=\"elementor-text-editor elementor-clearfix\"><p><span class=\"fontstyle0\"><strong>M\u0130NERDECO: <\/strong>T\u00fcm yap\u0131lan d\u0131\u015f cephe \u0131s\u0131 yal\u0131t\u0131m sistemleri \u00fczerinde son kat kaplama malzemesi olarak kullan\u0131l\u0131r. Tane Dokulu S\u0131va binalar\u0131n d\u0131\u015f cephelerinde y\u00fczey kaplama malzemesi olarak geli\u015ftirilmi\u015f %98 inorganik malzemelerden olu\u015fan, mineral desenli dokuda, suya dayan\u0131kl\u0131 ve dondan etkilenmeyen, UV \u0131\u015f\u0131nlar\u0131na kar\u015f\u0131 dayan\u0131kl\u0131, Y\u00fcksek yap\u0131\u015fma mukavemetine sahip, elastik ve nefes alabilen bir mineral kaplamad\u0131r. Yap\u0131s\u0131nda kristalize madenler i\u00e7erdi\u011finden dolay\u0131 g\u00fcne\u015f \u0131\u015f\u0131nlar\u0131n\u0131 yans\u0131t\u0131c\u0131 \u00f6zelli\u011fe sahiptir. <br \/><\/span><\/p><\/div>\n\t\t\t\t<\/div>\n\t\t\t\t<\/div>\n\t\t\t\t\t\t<\/div>\n\t\t\t\t\t<\/div>\n\t\t<\/div>\n\t\t\t\t\t\t\t\t<\/div>\n\t\t\t\t\t<\/div>\n\t\t<\/section>\n\t\t\t\t<div class=\"elementor-element elementor-element-9ff3cf2 elementor-tabs-view-horizontal elementor-widget elementor-widget-tabs\" data-id=\"9ff3cf2\" data-element_type=\"widget\" data-widget_type=\"tabs.default\">\n\t\t\t\t<div class=\"elementor-widget-container\">\n\t\t\t\t\t<div class=\"elementor-tabs\" role=\"tablist\">\n\t\t\t<div class=\"elementor-tabs-wrapper\">\n\t\t\t\t\t\t\t\t\t<div id=\"elementor-tab-title-1671\" class=\"elementor-tab-title elementor-tab-desktop-title\" data-tab=\"1\" role=\"tab\" aria-controls=\"elementor-tab-content-1671\"><a href=\"\">MSDS<\/a><\/div>\n\t\t\t\t\t\t\t\t\t<div id=\"elementor-tab-title-1672\" class=\"elementor-tab-title elementor-tab-desktop-title\" data-tab=\"2\" role=\"tab\" aria-controls=\"elementor-tab-content-1672\"><a href=\"\">Teknik \u00d6zellikler<\/a><\/div>\n\t\t\t\t\t\t\t<\/div>\n\t\t\t<div class=\"elementor-tabs-content-wrapper\">\n\t\t\t\t\t\t\t\t\t<div class=\"elementor-tab-title elementor-tab-mobile-title\" data-tab=\"1\" role=\"tab\">MSDS<\/div>\n\t\t\t\t\t<div id=\"elementor-tab-content-1671\" class=\"elementor-tab-content elementor-clearfix\" data-tab=\"1\" role=\"tabpanel\" aria-labelledby=\"elementor-tab-title-1671\"><div class=\"col-md-12\"><div class=\"tab-box pills\" data-tab-anima=\"fade-right\"><strong>Y\u00dcZEY HAZIRLI\u011eI<\/strong><br \/><br \/>Y\u00fczey temiz, d\u00fczg\u00fcn ve sa\u011flam olmal\u0131d\u0131r. Uygulama \u00f6ncesinde y\u00fczey mutlaka nemlendirilmeli, \u00e7ok s\u0131cak ve r\u00fczg\u00e2rl\u0131 havada suya doyurulmal\u0131d\u0131r. Her y\u00fczeyde kolayl\u0131kla uygulanabilen minerdeco temiz ve d\u00fczg\u00fcn y\u00fczeylerde \u00e7ok daha verimli sonu\u00e7lar verir.<br \/><br \/><strong>UYGULAMA \u015eARTLARI<\/strong><br \/><br \/>Uygulama s\u0131ras\u0131nda ortam s\u0131cakl\u0131\u011f\u0131n\u0131n +5\u02da C ile +35\u02daC aras\u0131nda olmas\u0131na dikkat edilmelidir. Donmu\u015f, erimekte olan veya 24 saat i\u00e7erisinde don tehlikesi olan y\u00fczeylerde uygulama yap\u0131lmamal\u0131d\u0131r.\u00a0\u00a0Direkt g\u00fcne\u015f veya kuvvetli r\u00fczg\u00e2r alt\u0131nda uygulanmamal\u0131d\u0131r. Uygulama yap\u0131lan y\u00fczey yar\u0131m b\u0131rak\u0131lmamal\u0131 cephe bitene kadar uygulama devam ettirilmelidir.<br \/><br \/><strong>UYGULAMA \u00d6ZELL\u0130KLER\u0130<\/strong><br \/><br \/>Kar\u0131\u015ft\u0131rma s\u00fcresi: 5 dakika Harc\u0131n dinlendirilme s\u00fcresi: 1-2 dakika, Haz\u0131rlanan harc\u0131n kullan\u0131labilme s\u00fcresi: 30 Dk. Uygulama kal\u0131nl\u0131\u011f\u0131 2mm-5mm Tam kuruma s\u00fcresi: 2-3 g\u00fcn.<br \/><br \/><strong>UYGULAMA<\/strong><br \/><br \/>25 kg Tane Dokulu minerdeco dekoratif S\u0131va Harc\u0131 12-14 litre temiz suya bo\u015falt\u0131larak d\u00fc\u015f\u00fck devirli bir mikserle topaks\u0131z homojen bir kar\u0131\u015f\u0131m elde edilinceye kadar kar\u0131\u015ft\u0131r\u0131l\u0131r. Har\u00e7 1,2 dakika dinlenmeye b\u0131rak\u0131l\u0131r ve tekrar kar\u0131\u015ft\u0131r\u0131l\u0131r. Dekoratif s\u0131va paslanmaz \u00e7elik mala ile y\u00fczeye e\u015fit \u015fekilde yay\u0131lmal\u0131, uygulama kal\u0131nl\u0131\u011f\u0131 en iri desen ta\u015f\u0131na g\u00f6re ayarlanmal\u0131d\u0131r. Uygulama kal\u0131nl\u0131\u011f\u0131 2mm-5mm\u2019dir. Y\u00fczeye dairesel hareketlerle plastik mala ile desen verilir. Desen verme i\u015flemi daima dekor s\u0131va \u0131slakken yap\u0131lmal\u0131d\u0131r. Belirlenen s\u00fcreler 20\u02da C y\u00fczey ve ortam s\u0131cakl\u0131\u011f\u0131nda ge\u00e7erlidir, d\u00fc\u015f\u00fck \u0131s\u0131da s\u00fcre uzar, y\u00fcksek \u0131s\u0131da s\u00fcre k\u0131sal\u0131r.\u00a0\u00a0Uygulamadan sonra y\u00fczey 1 g\u00fcn aral\u0131klarla nemlendirilmelidir.<br \/><br \/><strong>UYARILAR<\/strong><br \/><br \/>Haz\u0131rlanan har\u00e7 i\u00e7erisine hi\u00e7bir malzeme (kire\u00e7, \u00e7imento, al\u00e7\u0131 vb.) ilave edilmemelidir. Kullan\u0131m s\u00fcresi ge\u00e7mi\u015f har\u00e7lar, su veya kuru har\u00e7 ile kar\u0131\u015ft\u0131r\u0131l\u0131p tekrar kullan\u0131lmamal\u0131d\u0131r. Uzun s\u00fcre g\u00fcne\u015fe maruz kalm\u0131\u015f \u00e7ok s\u0131cak veya donmu\u015f y\u00fczeylere uygulama yap\u0131lmamal\u0131d\u0131r. Ah\u015fap y\u00fczeylerde, metal y\u00fczeylerde, boyal\u0131 ve neme maruz y\u00fczeylerde uygulanamaz. Al\u00e7\u0131 levha, al\u00e7\u0131 s\u0131va, al\u00e7\u0131 blok v.b. y\u00fczeylerde aderans art\u0131r\u0131c\u0131 astar kullan\u0131lmadan uygulanamaz. Belirtilen uygulama y\u00fczeyi ve kullanma talimat\u0131 d\u0131\u015f\u0131na \u00e7\u0131kmay\u0131n\u0131z. Solumay\u0131n\u0131z, g\u00f6ze temas\u0131nda bol su ile y\u0131kay\u0131n\u0131z, gerekirse doktora ba\u015fvurunuz. \u00c7imento esasl\u0131 malzeme oldu\u011fundan uygulama esnas\u0131nda eldiven kullan\u0131lmal\u0131d\u0131r. Ambalajl\u0131 \u00fcr\u00fcn nemli ortamlarda saklanmamal\u0131d\u0131r.<br \/><br \/><strong>DEPOLAMA<\/strong><br \/><br \/>Orijinal ambalaj\u0131nda en fazla 10 kat istifle, kuru ve nemsiz bir ortamda 12 ay s\u00fcreyle saklanmal\u0131d\u0131r. Torba a\u00e7\u0131ld\u0131ktan sonra 7 g\u00fcn i\u00e7erisinde t\u00fcketilmesi \u00f6nerilir.<br \/><br \/><strong>SA\u011eLIK ve EMN\u0130YET<\/strong><br \/><br \/>Deri ve g\u00f6z temas\u0131ndan ka\u00e7\u0131n\u0131lmal\u0131d\u0131r. Depolama ve uygulama s\u0131ras\u0131nda mutlaka eldiven kullan\u0131lmal\u0131d\u0131r.<\/div><\/div><\/div>\n\t\t\t\t\t\t\t\t\t<div class=\"elementor-tab-title elementor-tab-mobile-title\" data-tab=\"2\" role=\"tab\">Teknik \u00d6zellikler<\/div>\n\t\t\t\t\t<div id=\"elementor-tab-content-1672\" class=\"elementor-tab-content elementor-clearfix\" data-tab=\"2\" role=\"tabpanel\" aria-labelledby=\"elementor-tab-title-1672\"><img style=\"width: 100%;\" src=\"https:\/\/www.minersan.com.tr\/wp-content\/uploads\/2020\/05\/set_001fName_20170710140716884.jpg\" data-gsrc=\"\" \/><\/div>\n\t\t\t\t\t\t\t<\/div>\n\t\t<\/div>\n\t\t\t\t<\/div>\n\t\t\t\t<\/div>\n\t\t\t\t\t\t<\/div>\n\t\t\t\t\t<\/div>\n\t\t<\/div>\n\t\t\t\t\t\t\t\t<\/div>\n\t\t\t\t\t<\/div>\n\t\t<\/section>\n\t\t\t\t\t\t<\/div>\n\t\t\t\t\t\t<\/div>\n\t\t\t\t\t<\/div>\n\t\t","protected":false},"excerpt":{"rendered":"<p>Minerdeco M\u0130NERDECO: T\u00fcm yap\u0131lan d\u0131\u015f cephe \u0131s\u0131 yal\u0131t\u0131m sistemleri \u00fczerinde son kat kaplama malzemesi olarak kullan\u0131l\u0131r. Tane Dokulu S\u0131va binalar\u0131n d\u0131\u015f cephelerinde y\u00fczey kaplama malzemesi olarak geli\u015ftirilmi\u015f %98 inorganik malzemelerden olu\u015fan, mineral desenli dokuda, suya dayan\u0131kl\u0131 ve dondan etkilenmeyen, UV \u0131\u015f\u0131nlar\u0131na kar\u015f\u0131 dayan\u0131kl\u0131, Y\u00fcksek yap\u0131\u015fma mukavemetine sahip, elastik ve nefes alabilen bir mineral kaplamad\u0131r. Yap\u0131s\u0131nda [&hellip;]<\/p>\n","protected":false},"author":1,"featured_media":0,"parent":657,"menu_order":0,"comment_status":"closed","ping_status":"closed","template":"","meta":[],"_links":{"self":[{"href":"https:\/\/www.minersan.com.tr\/index.php?rest_route=\/wp\/v2\/pages\/840"}],"collection":[{"href":"https:\/\/www.minersan.com.tr\/index.php?rest_route=\/wp\/v2\/pages"}],"about":[{"href":"https:\/\/www.minersan.com.tr\/index.php?rest_route=\/wp\/v2\/types\/page"}],"author":[{"embeddable":true,"href":"https:\/\/www.minersan.com.tr\/index.php?rest_route=\/wp\/v2\/users\/1"}],"replies":[{"embeddable":true,"href":"https:\/\/www.minersan.com.tr\/index.php?rest_route=%2Fwp%2Fv2%2Fcomments&post=840"}],"version-history":[{"count":5,"href":"https:\/\/www.minersan.com.tr\/index.php?rest_route=\/wp\/v2\/pages\/840\/revisions"}],"predecessor-version":[{"id":1260,"href":"https:\/\/www.minersan.com.tr\/index.php?rest_route=\/wp\/v2\/pages\/840\/revisions\/1260"}],"up":[{"embeddable":true,"href":"https:\/\/www.minersan.com.tr\/index.php?rest_route=\/wp\/v2\/pages\/657"}],"wp:attachment":[{"href":"https:\/\/www.minersan.com.tr\/index.php?rest_route=%2Fwp%2Fv2%2Fmedia&parent=840"}],"curies":[{"name":"wp","href":"https:\/\/api.w.org\/{rel}","templated":true}]}}